{"id":14,"date":"2008-11-10T17:45:21","date_gmt":"2008-11-10T15:45:21","guid":{"rendered":"http:\/\/www.oliopuglia.it\/?page_id=14"},"modified":"2008-11-30T23:41:34","modified_gmt":"2008-11-30T21:41:34","slug":"conservare-gli-alimenti-sottolio-con-extravergine-oliva-pugliese","status":"publish","type":"page","link":"https:\/\/www.oliopuglia.it\/index.php\/conservare-gli-alimenti-sottolio-con-extravergine-oliva-pugliese","title":{"rendered":"Conservare gli alimenti sott&#8217;olio extravergine d&#8217;oliva pugliese"},"content":{"rendered":"<p>L\u2019<strong>olio extravergine d\u2019oliva<\/strong> <strong>di Puglia<\/strong> non viene utilizzato solamente come condimento per gli alimenti.<br \/>\nOltre a trovare infatti la sua massima espressione nell\u2019esaltare i piatti, grazie alle sua qualit\u00e0, la sua freschezza e le sue propriet\u00e0 organolettiche; <strong>\u00e8 fruttuoso anche per la conserva dei cibi<\/strong>.<\/p>\n<p><a title=\"Carciofi sott'olio\" rel=\"lightbox[pics14]\" href=\"http:\/\/www.oliopuglia.it\/wp-content\/uploads\/2008\/09\/carciofini-sottolio.jpg\"><img loading=\"lazy\" decoding=\"async\" class=\"attachment wp-att-15 alignleft\" src=\"http:\/\/www.oliopuglia.it\/wp-content\/uploads\/2008\/09\/carciofini-sottolio.jpg\" alt=\"Carciofi sott'olio\" width=\"150\" height=\"120\" \/><\/a><br \/>\nL\u2019olio extravergine d\u2019oliva pugliese, infatti, \u00e8 uno degli oli pi\u00f9 indicati per conservare gli alimenti<strong> SOTT\u2019OLIO<\/strong>.<br \/>\nQuando infatti gli alimenti non devono essere consumati a giorni, non si pu\u00f2 continuare a conservarli nel frigorifero o nel congelatore, in quanto i \u201cbatteri demolitori\u201d iniziano a <strong>far marcire<\/strong> gli alimenti.<\/p>\n<p>Per ovviare a questo problema, esistono i <strong>metodi di conservazione<\/strong> a \u201clungo\u201d termine.<br \/>\nNe esistono diversi: sottovuoto, sottosale, ma quello da noi consigliato \u00e8 il metodo di conservazione sott\u2019olio.<br \/>\n<em>Utilizzando ovviamente l\u2019olio extravergine d\u2019oliva <a href=\"https:\/\/www.puglia.info\" target=\"_blank\">di Puglia<\/a><\/em>.<\/p>\n<p>Per conservare i cibi sott\u2019olio, <strong>si riempie un contenitore di vetro con l\u2019olio<\/strong>.<br \/>\nIl <strong><em>contenitore deve essere ben sterilizzato<\/em><\/strong> per eliminare i batteri gi\u00e0 presenti all\u2019interno del contenitore, altrimenti verrebbero \u201cconservati\u201d insieme con il cibo.<br \/>\nPer sterilizzarlo basta anche far bollire in acqua calda il contenitore.<\/p>\n<p>In seguito si <strong><em>inserisce l\u2019alimento all\u2019interno del contenitore pieno d\u2019olio<\/em><\/strong>, e lo si chiude con un apposito<strong> tappo<\/strong>.<\/p>\n<p>Questo metodo <em>non fa entrare aria all\u2019interno del contenitore e <strong>l\u2019acidit\u00e0 dell\u2019olio tiene lontani i batteri<\/strong><\/em>.<\/p>\n<p>Ovviamente la conservazione sott\u2019olio si pu\u00f2 fare con qualsiasi tipo d\u2019olio.<br \/>\nMa <em>perch\u00e9 noi consigliamo l\u2019olio extravergine d\u2019oliva pugliese?<\/em><\/p>\n<p>Come detto altre volte, l\u2019olio pugliese ha delle grandi <strong>propriet\u00e0 organolettiche<\/strong>.<br \/>\nL\u2019olio dunque, conserva il cibo, ma <strong>senza alterarne le propriet\u00e0<\/strong>, la struttura e il sapore.<br \/>\nAnzi, dopo alcuni giorni, l\u2019olio <strong>ESALTA<\/strong> il sapore del cibo, dandoli un tocco di piccante.<\/p>\n<p><a title=\"lepista-nuda\" rel=\"lightbox[pics14]\" href=\"http:\/\/www.oliopuglia.it\/wp-content\/uploads\/2008\/09\/lepista-nuda.jpg\"><img loading=\"lazy\" decoding=\"async\" class=\"attachment wp-att-16 alignright\" src=\"http:\/\/www.oliopuglia.it\/wp-content\/uploads\/2008\/09\/lepista-nuda.jpg\" alt=\"lepista-nuda\" width=\"150\" height=\"140\" \/><\/a><\/p>\n<p>Vari sono i cibi e gli <strong>alimenti che possono essere conservanti<\/strong>.<br \/>\nPrincipalmente, sott\u2019olio vengono conservati <strong>frutta, ortaggi ed alcuni pesci<\/strong>.<br \/>\nUn esempio ne sono il <em>tonno, le alici, le melanzane, i carciofi, i funghi, le olive<\/em> ecc&#8230;<\/p>\n<p>Concludiamo sottolineando come questo metodo \u00e8 <strong>utilizzabile sia a casa<\/strong>, in ambito \u201cdomestico\u201d, ma viene anche utilizzato <strong>dalle aziende e dagli agricoltori<\/strong> per la messa in vendita di prodotti sott\u2019olio.<\/p>\n","protected":false},"excerpt":{"rendered":"<p>L\u2019olio extravergine d\u2019oliva di Puglia non viene utilizzato solamente come condimento per gli alimenti. Oltre a trovare infatti la sua massima espressione nell\u2019esaltare i piatti, grazie alle sua qualit\u00e0, la sua freschezza e le sue propriet\u00e0 organolettiche; \u00e8 fruttuoso anche per la conserva dei cibi. L\u2019olio extravergine d\u2019oliva pugliese, infatti, \u00e8 uno degli oli pi\u00f9 [&hellip;]<\/p>\n","protected":false},"author":4,"featured_media":0,"parent":0,"menu_order":0,"comment_status":"open","ping_status":"closed","template":"","meta":{"footnotes":""},"class_list":["post-14","page","type-page","status-publish","hentry"],"aioseo_notices":[],"_links":{"self":[{"href":"https:\/\/www.oliopuglia.it\/index.php\/wp-json\/wp\/v2\/pages\/14","targetHints":{"allow":["GET"]}}],"collection":[{"href":"https:\/\/www.oliopuglia.it\/index.php\/wp-json\/wp\/v2\/pages"}],"about":[{"href":"https:\/\/www.oliopuglia.it\/index.php\/wp-json\/wp\/v2\/types\/page"}],"author":[{"embeddable":true,"href":"https:\/\/www.oliopuglia.it\/index.php\/wp-json\/wp\/v2\/users\/4"}],"replies":[{"embeddable":true,"href":"https:\/\/www.oliopuglia.it\/index.php\/wp-json\/wp\/v2\/comments?post=14"}],"version-history":[{"count":0,"href":"https:\/\/www.oliopuglia.it\/index.php\/wp-json\/wp\/v2\/pages\/14\/revisions"}],"wp:attachment":[{"href":"https:\/\/www.oliopuglia.it\/index.php\/wp-json\/wp\/v2\/media?parent=14"}],"curies":[{"name":"wp","href":"https:\/\/api.w.org\/{rel}","templated":true}]}}